{"id":24365,"date":"2024-10-07T00:51:55","date_gmt":"2024-10-07T06:51:55","guid":{"rendered":"https:\/\/colegioejecutivodelsur.com\/aula\/home\/"},"modified":"2024-11-01T12:28:43","modified_gmt":"2024-11-01T18:28:43","slug":"home","status":"publish","type":"page","link":"https:\/\/colegioejecutivodelsur.com\/aula\/","title":{"rendered":"Inicio"},"content":{"rendered":"\n<div class=\"wp-block-uagb-container uagb-block-15c8317e alignfull uagb-is-root-container\"><div class=\"uagb-container-inner-blocks-wrap\">\n<div class=\"wp-block-uagb-container uagb-block-bdf96f00\">\n<div class=\"wp-block-uagb-icon-list uagb-block-48da70f9\"><div class=\"uagb-icon-list__wrap\"><\/div><\/div>\n\n\n\n<div class=\"wp-block-uagb-info-box uagb-block-205b6d8c uagb-infobox__content-wrap  uagb-infobox-icon-above-title uagb-infobox-image-valign-top uag-blocks-common-selector\" style=\"--z-index-desktop:450;;--z-index-tablet:undefined;;--z-index-mobile:undefined;\"><div class=\"uagb-ifb-content\"><div class=\"uagb-ifb-title-wrap\"><h1 class=\"uagb-ifb-title\">Estudia tu Licenciatura o Maestr\u00eda.<\/h1><\/div><p class=\"uagb-ifb-desc\">Excelencia acad\u00e9mica en l\u00ednea para dar el siguiente paso en tu formaci\u00f3n.<\/p><\/div><\/div>\n\n\n\n<div data-aos= \"zoom-in\" data-aos-duration=\"400\" data-aos-delay=\"0\" data-aos-easing=\"ease\" data-aos-once=\"true\" class=\"wp-block-uagb-image alignleft uagb-block-fbe7d082 wp-block-uagb-image--layout-default wp-block-uagb-image--effect-static wp-block-uagb-image--align-left\"><figure class=\"wp-block-uagb-image__figure\"><img decoding=\"async\" srcset=\"https:\/\/colegioejecutivodelsur.com\/aula\/wp-content\/uploads\/2024\/10\/cropped-logo-cesur.png ,https:\/\/colegioejecutivodelsur.com\/aula\/wp-content\/uploads\/2024\/10\/cropped-logo-cesur.png 780w, https:\/\/colegioejecutivodelsur.com\/aula\/wp-content\/uploads\/2024\/10\/cropped-logo-cesur.png 360w\" sizes=\"auto, (max-width: 480px) 150px\" src=\"https:\/\/colegioejecutivodelsur.com\/aula\/wp-content\/uploads\/2024\/10\/cropped-logo-cesur.png\" alt=\"\" class=\"uag-image-1709\" width=\"343\" height=\"114\" title=\"cropped-logo-cesur.png\" loading=\"lazy\" role=\"img\"\/><\/figure><\/div>\n\n\n\n<div class=\"wp-block-uagb-buttons uagb-buttons__outer-wrap uagb-btn__default-btn uagb-btn-tablet__default-btn uagb-btn-mobile__default-btn uagb-block-1aecec9c\"><div class=\"uagb-buttons__wrap uagb-buttons-layout-wrap \">\n<div class=\"wp-block-uagb-buttons-child uagb-buttons__outer-wrap uagb-block-d7b10a28 wp-block-button\"><div class=\"uagb-button__wrapper\"><a class=\"uagb-buttons-repeater wp-block-button__link\" aria-label=\"\" href=\"https:\/\/colegioejecutivodelsur.com\/index.html#contact\" rel=\"follow noopener\" target=\"_self\" role=\"button\"><div class=\"uagb-button__link\">Contacto<\/div><\/a><\/div><\/div>\n<\/div><\/div>\n<\/div>\n\n\n\n<div class=\"wp-block-uagb-container uagb-block-92e5d5f9\"><\/div>\n<\/div><\/div>\n\n\n\n<div class=\"wp-block-uagb-container uagb-block-6e6496cd alignfull uagb-is-root-container\"><div class=\"uagb-container-inner-blocks-wrap\">\n<div class=\"wp-block-uagb-container uagb-block-5408e8f5\">\n<div class=\"wp-block-uagb-info-box uagb-block-9e2a49c1 uagb-infobox__content-wrap  uagb-infobox-icon-above-title uagb-infobox-image-valign-top\"><div class=\"uagb-ifb-content\"><div class=\"uagb-ifb-title-wrap\"><h2 class=\"uagb-ifb-title\">Estudiantes cesur<\/h2><\/div><p class=\"uagb-ifb-desc\">Equipo de Gran Valor<\/p><\/div><\/div>\n\n\n\n<div class=\"wp-block-uagb-buttons uagb-buttons__outer-wrap uagb-btn__default-btn uagb-btn-tablet__default-btn uagb-btn-mobile__default-btn uagb-block-a8359ebf\"><div class=\"uagb-buttons__wrap uagb-buttons-layout-wrap \">\n<div class=\"wp-block-uagb-buttons-child uagb-buttons__outer-wrap uagb-block-daa24144 wp-block-button\"><div class=\"uagb-button__wrapper\"><a class=\"uagb-buttons-repeater wp-block-button__link\" aria-label=\"\" href=\"https:\/\/colegioejecutivodelsur.com\/aula\/escritorio\/\" rel=\"follow noopener\" target=\"_self\" role=\"button\"><div class=\"uagb-button__link\">Escritorio Alumno<\/div><\/a><\/div><\/div>\n<\/div><\/div>\n<\/div>\n\n\n\n<div class=\"wp-block-uagb-container uagb-block-d091285f\">\n<div class=\"wp-block-uagb-image alignright uagb-block-4d6e750f wp-block-uagb-image--layout-default wp-block-uagb-image--effect-static wp-block-uagb-image--align-right\"><figure class=\"wp-block-uagb-image__figure\"><img decoding=\"async\" srcset=\"https:\/\/colegioejecutivodelsur.com\/aula\/wp-content\/uploads\/2024\/11\/about-company-1-717x1024.jpg ,https:\/\/colegioejecutivodelsur.com\/aula\/wp-content\/uploads\/2024\/11\/about-company-1.jpg 780w, https:\/\/colegioejecutivodelsur.com\/aula\/wp-content\/uploads\/2024\/11\/about-company-1.jpg 360w\" sizes=\"auto, (max-width: 480px) 150px\" src=\"https:\/\/colegioejecutivodelsur.com\/aula\/wp-content\/uploads\/2024\/11\/about-company-1-717x1024.jpg\" alt=\"\" class=\"uag-image-25690\" width=\"160\" height=\"228\" title=\"about-company-1\" loading=\"lazy\" role=\"img\"\/><\/figure><\/div>\n<\/div>\n\n\n\n<div class=\"wp-block-uagb-container uagb-block-32d7391c\">\n<div class=\"wp-block-uagb-container uagb-block-130e7173\">\n<div class=\"wp-block-uagb-container uagb-block-f7dd9d3d\">\n<div class=\"wp-block-uagb-image aligncenter uagb-block-4de3146f wp-block-uagb-image--layout-default wp-block-uagb-image--effect-static wp-block-uagb-image--align-center\"><figure class=\"wp-block-uagb-image__figure\"><img decoding=\"async\" srcset=\"https:\/\/colegioejecutivodelsur.com\/aula\/wp-content\/uploads\/2024\/11\/hero-bg-light-1024x683.png ,https:\/\/colegioejecutivodelsur.com\/aula\/wp-content\/uploads\/2024\/11\/hero-bg-light.png 780w, https:\/\/colegioejecutivodelsur.com\/aula\/wp-content\/uploads\/2024\/11\/hero-bg-light.png 360w\" sizes=\"auto, (max-width: 480px) 150px\" src=\"https:\/\/colegioejecutivodelsur.com\/aula\/wp-content\/uploads\/2024\/11\/hero-bg-light-1024x683.png\" alt=\"\" class=\"uag-image-25692\" width=\"240\" height=\"160\" title=\"hero-bg-light\" loading=\"lazy\" role=\"img\"\/><\/figure><\/div>\n<\/div>\n\n\n\n<div class=\"wp-block-uagb-container uagb-block-1ef9b846\">\n<div class=\"wp-block-uagb-image aligncenter uagb-block-75d02c08 wp-block-uagb-image--layout-default wp-block-uagb-image--effect-static wp-block-uagb-image--align-center\"><figure class=\"wp-block-uagb-image__figure\"><img decoding=\"async\" srcset=\"https:\/\/colegioejecutivodelsur.com\/aula\/wp-content\/uploads\/2024\/11\/services.jpg ,https:\/\/colegioejecutivodelsur.com\/aula\/wp-content\/uploads\/2024\/11\/services.jpg 780w, https:\/\/colegioejecutivodelsur.com\/aula\/wp-content\/uploads\/2024\/11\/services.jpg 360w\" sizes=\"auto, (max-width: 480px) 150px\" src=\"https:\/\/colegioejecutivodelsur.com\/aula\/wp-content\/uploads\/2024\/11\/services.jpg\" alt=\"\" class=\"uag-image-25693\" width=\"200\" height=\"280\" title=\"services\" loading=\"lazy\" role=\"img\"\/><\/figure><\/div>\n<\/div>\n<\/div>\n\n\n\n<div class=\"wp-block-uagb-container uagb-block-46245977\">\n<div class=\"wp-block-uagb-container uagb-block-36599f7b\">\n<div class=\"wp-block-uagb-image aligncenter uagb-block-a19b5451 wp-block-uagb-image--layout-default wp-block-uagb-image--effect-static wp-block-uagb-image--align-center\"><figure class=\"wp-block-uagb-image__figure\"><img decoding=\"async\" srcset=\"https:\/\/colegioejecutivodelsur.com\/aula\/wp-content\/uploads\/2024\/11\/hero-bg-light-1-1024x683.png ,https:\/\/colegioejecutivodelsur.com\/aula\/wp-content\/uploads\/2024\/11\/hero-bg-light-1.png 780w, https:\/\/colegioejecutivodelsur.com\/aula\/wp-content\/uploads\/2024\/11\/hero-bg-light-1.png 360w\" sizes=\"auto, (max-width: 480px) 150px\" src=\"https:\/\/colegioejecutivodelsur.com\/aula\/wp-content\/uploads\/2024\/11\/hero-bg-light-1-1024x683.png\" alt=\"\" class=\"uag-image-25694\" width=\"120\" height=\"80\" title=\"hero-bg-light\" loading=\"lazy\" role=\"img\"\/><\/figure><\/div>\n<\/div>\n\n\n\n<div class=\"wp-block-uagb-container uagb-block-899561fe\">\n<div class=\"wp-block-uagb-image aligncenter uagb-block-510c6651 wp-block-uagb-image--layout-default wp-block-uagb-image--effect-static wp-block-uagb-image--align-center\"><figure class=\"wp-block-uagb-image__figure\"><img decoding=\"async\" srcset=\"https:\/\/colegioejecutivodelsur.com\/aula\/wp-content\/uploads\/2024\/11\/features-1-1024x683.jpg ,https:\/\/colegioejecutivodelsur.com\/aula\/wp-content\/uploads\/2024\/11\/features-1.jpg 780w, https:\/\/colegioejecutivodelsur.com\/aula\/wp-content\/uploads\/2024\/11\/features-1.jpg 360w\" sizes=\"auto, (max-width: 480px) 150px\" src=\"https:\/\/colegioejecutivodelsur.com\/aula\/wp-content\/uploads\/2024\/11\/features-1-1024x683.jpg\" alt=\"\" class=\"uag-image-25695\" width=\"300\" height=\"300\" title=\"features-1\" loading=\"lazy\" role=\"img\"\/><\/figure><\/div>\n<\/div>\n<\/div>\n<\/div>\n\n\n\n<div class=\"wp-block-uagb-container uagb-block-2517c324\">\n<div class=\"wp-block-uagb-image alignleft uagb-block-69f8d2d1 wp-block-uagb-image--layout-default wp-block-uagb-image--effect-static wp-block-uagb-image--align-left\"><figure class=\"wp-block-uagb-image__figure\"><img decoding=\"async\" srcset=\"https:\/\/colegioejecutivodelsur.com\/aula\/wp-content\/uploads\/2024\/11\/tabs-1.jpg ,https:\/\/colegioejecutivodelsur.com\/aula\/wp-content\/uploads\/2024\/11\/tabs-1.jpg 780w, https:\/\/colegioejecutivodelsur.com\/aula\/wp-content\/uploads\/2024\/11\/tabs-1.jpg 360w\" sizes=\"auto, (max-width: 480px) 150px\" src=\"https:\/\/colegioejecutivodelsur.com\/aula\/wp-content\/uploads\/2024\/11\/tabs-1.jpg\" alt=\"\" class=\"uag-image-25691\" width=\"196\" height=\"196\" title=\"tabs-1\" loading=\"lazy\" role=\"img\"\/><\/figure><\/div>\n<\/div>\n<\/div><\/div>\n","protected":false},"excerpt":{"rendered":"","protected":false},"author":1,"featured_media":0,"parent":0,"menu_order":0,"comment_status":"closed","ping_status":"closed","template":"","meta":{"_uag_custom_page_level_css":"","site-sidebar-layout":"no-sidebar","site-content-layout":"plain-container","ast-site-content-layout":"full-width-container","site-content-style":"unboxed","site-sidebar-style":"unboxed","ast-global-header-display":"","ast-banner-title-visibility":"","ast-main-header-display":"","ast-hfb-above-header-display":"","ast-hfb-below-header-display":"","ast-hfb-mobile-header-display":"","site-post-title":"disabled","ast-breadcrumbs-content":"","ast-featured-img":"","footer-sml-layout":"","theme-transparent-header-meta":"default","adv-header-id-meta":"","stick-header-meta":"","header-above-stick-meta":"","header-main-stick-meta":"","header-below-stick-meta":"","astra-migrate-meta-layouts":"set","ast-page-background-enabled":"default","ast-page-background-meta":{"desktop":{"background-color":"","background-image":"","background-repeat":"repeat","background-position":"center center","background-size":"auto","background-attachment":"scroll","background-type":"","background-media":"","overlay-type":"","overlay-color":"","overlay-opacity":"","overlay-gradient":""},"tablet":{"background-color":"","background-image":"","background-repeat":"repeat","background-position":"center center","background-size":"auto","background-attachment":"scroll","background-type":"","background-media":"","overlay-type":"","overlay-color":"","overlay-opacity":"","overlay-gradient":""},"mobile":{"background-color":"","background-image":"","background-repeat":"repeat","background-position":"center center","background-size":"auto","background-attachment":"scroll","background-type":"","background-media":"","overlay-type":"","overlay-color":"","overlay-opacity":"","overlay-gradient":""}},"ast-content-background-meta":{"desktop":{"background-color":"var(--ast-global-color-5)","background-image":"","background-repeat":"repeat","background-position":"center center","background-size":"auto","background-attachment":"scroll","background-type":"","background-media":"","overlay-type":"","overlay-color":"","overlay-opacity":"","overlay-gradient":""},"tablet":{"background-color":"var(--ast-global-color-5)","background-image":"","background-repeat":"repeat","background-position":"center center","background-size":"auto","background-attachment":"scroll","background-type":"","background-media":"","overlay-type":"","overlay-color":"","overlay-opacity":"","overlay-gradient":""},"mobile":{"background-color":"var(--ast-global-color-5)","background-image":"","background-repeat":"repeat","background-position":"center center","background-size":"auto","background-attachment":"scroll","background-type":"","background-media":"","overlay-type":"","overlay-color":"","overlay-opacity":"","overlay-gradient":""}},"footnotes":""},"class_list":["post-24365","page","type-page","status-publish","hentry"],"uagb_featured_image_src":{"full":false,"thumbnail":false,"medium":false,"medium_large":false,"large":false,"1536x1536":false,"2048x2048":false},"uagb_author_info":{"display_name":"admin","author_link":"https:\/\/colegioejecutivodelsur.com\/aula\/author\/admin_l1eebnck\/"},"uagb_comment_info":0,"uagb_excerpt":null,"_links":{"self":[{"href":"https:\/\/colegioejecutivodelsur.com\/aula\/wp-json\/wp\/v2\/pages\/24365","targetHints":{"allow":["GET"]}}],"collection":[{"href":"https:\/\/colegioejecutivodelsur.com\/aula\/wp-json\/wp\/v2\/pages"}],"about":[{"href":"https:\/\/colegioejecutivodelsur.com\/aula\/wp-json\/wp\/v2\/types\/page"}],"author":[{"embeddable":true,"href":"https:\/\/colegioejecutivodelsur.com\/aula\/wp-json\/wp\/v2\/users\/1"}],"replies":[{"embeddable":true,"href":"https:\/\/colegioejecutivodelsur.com\/aula\/wp-json\/wp\/v2\/comments?post=24365"}],"version-history":[{"count":21,"href":"https:\/\/colegioejecutivodelsur.com\/aula\/wp-json\/wp\/v2\/pages\/24365\/revisions"}],"predecessor-version":[{"id":25697,"href":"https:\/\/colegioejecutivodelsur.com\/aula\/wp-json\/wp\/v2\/pages\/24365\/revisions\/25697"}],"wp:attachment":[{"href":"https:\/\/colegioejecutivodelsur.com\/aula\/wp-json\/wp\/v2\/media?parent=24365"}],"curies":[{"name":"wp","href":"https:\/\/api.w.org\/{rel}","templated":true}]}}